{"id":626,"date":"2017-06-19T23:19:13","date_gmt":"2017-06-19T23:19:13","guid":{"rendered":"http:\/\/www.mvpthemes.com\/zoxnews\/?page_id=5"},"modified":"2024-05-23T02:28:34","modified_gmt":"2024-05-23T00:28:34","slug":"kontakt-os","status":"publish","type":"page","link":"https:\/\/www.dknyheder.dk\/da-dk\/kontakt-os\/","title":{"rendered":"Kontakt Os"},"content":{"rendered":"<p>E-mail: <a href=\"mailto:dknyheder@dknyheder.dk\">dknyheder@dknyheder.dk<\/a><\/p>\n<p>F\u00f8lg os p\u00e5 Google Nyheder: <a href=\"https:\/\/news.google.com\/publications\/CAAqBwgKMIjVygswuPDhAw\" rel=\"noopener nofollow\" target=\"_blank\">https:\/\/news.google.com\/publications\/CAAqBwgKMIjVygswuPDhAw<\/a><\/p>\n<p>F\u00f8lg os p\u00e5 Facebook: <a href=\"https:\/\/www.facebook.com\/dknyhederdk\/\" target=\"_blank\" rel=\"nofollow noopener\">https:\/\/www.facebook.com\/dknyhederdk\/<\/a><\/p>\n<p>F\u00f8lg os p\u00e5 Instagram: <a href=\"https:\/\/www.instagram.com\/dknyheder\/\" target=\"_blank\" rel=\"nofollow noopener\">https:\/\/www.instagram.com\/dknyheder\/<\/a><\/p>\n<p>Abonn\u00e9r p\u00e5 vores kanal p\u00e5 Youtube: <a href=\"https:\/\/www.youtube.com\/@dknyheder\/\" target=\"_blank\" rel=\"nofollow noopener\">https:\/\/www.youtube.com\/@dknyheder\/<\/a><\/p>\n","protected":false},"excerpt":{"rendered":"<p>E-mail: dknyheder@dknyheder.dk F\u00f8lg os p\u00e5 Google Nyheder: https:\/\/news.google.com\/publications\/CAAqBwgKMIjVygswuPDhAw F\u00f8lg os p\u00e5 Facebook: https:\/\/www.facebook.com\/dknyhederdk\/ F\u00f8lg os p\u00e5 Instagram: https:\/\/www.instagram.com\/dknyheder\/ Abonn\u00e9r p\u00e5 vores kanal p\u00e5 Youtube: https:\/\/www.youtube.com\/@dknyheder\/<\/p>\n","protected":false},"author":1,"featured_media":0,"parent":0,"menu_order":0,"comment_status":"closed","ping_status":"closed","template":"","meta":{"jnews_page_loop":{"enable_page_loop":"0","first_title":"Latest Post","second_title":"","header_type":"heading_6","header_background":"","header_text_color":"","layout":"right-sidebar","sidebar":"default-sidebar","second_sidebar":"default-sidebar","sticky_sidebar":"1","module":"3","boxed":"0","boxed_shadow":"0","box_shadow":"0","excerpt_length":"20","content_date":"default","date_custom":"Y\/m\/d","content_pagination":"nav_1","pagination_align":"center","show_navtext":"0","show_pageinfo":"0","post_offset":"0","posts_per_page":"5","include_post":"","exclude_post":"","include_category":"","exclude_category":"","include_author":"","include_tag":"","exclude_tag":"","sort_by":"latest"},"jnews_single_page":{"layout":"no-sidebar","sidebar":"default-sidebar","second_sidebar":"default-sidebar","sticky_sidebar":"1","show_post_featured":"1","show_post_meta":"0","share_position":"hide","share_color":"share-monocrhome"},"footnotes":""},"class_list":["post-626","page","type-page","status-publish","hentry"],"_links":{"self":[{"href":"https:\/\/www.dknyheder.dk\/da-dk\/wp-json\/wp\/v2\/pages\/626","targetHints":{"allow":["GET"]}}],"collection":[{"href":"https:\/\/www.dknyheder.dk\/da-dk\/wp-json\/wp\/v2\/pages"}],"about":[{"href":"https:\/\/www.dknyheder.dk\/da-dk\/wp-json\/wp\/v2\/types\/page"}],"author":[{"embeddable":true,"href":"https:\/\/www.dknyheder.dk\/da-dk\/wp-json\/wp\/v2\/users\/1"}],"replies":[{"embeddable":true,"href":"https:\/\/www.dknyheder.dk\/da-dk\/wp-json\/wp\/v2\/comments?post=626"}],"version-history":[{"count":0,"href":"https:\/\/www.dknyheder.dk\/da-dk\/wp-json\/wp\/v2\/pages\/626\/revisions"}],"wp:attachment":[{"href":"https:\/\/www.dknyheder.dk\/da-dk\/wp-json\/wp\/v2\/media?parent=626"}],"curies":[{"name":"wp","href":"https:\/\/api.w.org\/{rel}","templated":true}]}}